{"id":3469,"date":"2019-02-14T02:12:10","date_gmt":"2019-02-14T02:12:10","guid":{"rendered":"http:\/\/import.local\/?page_id=3469"},"modified":"2024-03-06T22:23:36","modified_gmt":"2024-03-06T21:23:36","slug":"cani_guardiania","status":"publish","type":"page","link":"https:\/\/agricolalemoire.it\/en\/cani_guardiania\/","title":{"rendered":"I cani da guardiania"},"content":{"rendered":"<div class=\"wpb-content-wrapper\"><div class=\"vc_row wpb_row row\"><div class=\"wpb_column vc_column_container col-sm-8\"><div class=\"vc_column-inner\"><div class=\"wpb_wrapper\">\n\t<div  class=\"wpb_single_image wpb_content_element vc_align_left\">\n\t\t\n\t\t<figure class=\"wpb_wrapper vc_figure\">\n\t\t\t<div class=\"vc_single_image-wrapper vc_box_outline  vc_box_border_grey\"><img loading=\"lazy\" decoding=\"async\" width=\"800\" height=\"800\" src=\"https:\/\/agricolalemoire.it\/wp-content\/uploads\/2024\/02\/cani_guardiania_4219.jpg\" class=\"vc_single_image-img attachment-full\" alt=\"\" title=\"cani_guardiania_4219\" srcset=\"https:\/\/agricolalemoire.it\/wp-content\/uploads\/2024\/02\/cani_guardiania_4219.jpg 800w, https:\/\/agricolalemoire.it\/wp-content\/uploads\/2024\/02\/cani_guardiania_4219-540x540.jpg 540w, https:\/\/agricolalemoire.it\/wp-content\/uploads\/2024\/02\/cani_guardiania_4219-300x300.jpg 300w, https:\/\/agricolalemoire.it\/wp-content\/uploads\/2024\/02\/cani_guardiania_4219-150x150.jpg 150w, https:\/\/agricolalemoire.it\/wp-content\/uploads\/2024\/02\/cani_guardiania_4219-768x768.jpg 768w, https:\/\/agricolalemoire.it\/wp-content\/uploads\/2024\/02\/cani_guardiania_4219-50x50.jpg 50w, https:\/\/agricolalemoire.it\/wp-content\/uploads\/2024\/02\/cani_guardiania_4219-400x400.jpg 400w, https:\/\/agricolalemoire.it\/wp-content\/uploads\/2024\/02\/cani_guardiania_4219-70x70.jpg 70w, https:\/\/agricolalemoire.it\/wp-content\/uploads\/2024\/02\/cani_guardiania_4219-100x100.jpg 100w, https:\/\/agricolalemoire.it\/wp-content\/uploads\/2024\/02\/cani_guardiania_4219-80x80.jpg 80w\" sizes=\"auto, (max-width: 800px) 100vw, 800px\" \/><\/div>\n\t\t<\/figure>\n\t<\/div>\n<\/div><\/div><\/div><div class=\"wpb_column vc_column_container col-sm-4\"><div class=\"vc_column-inner\"><div class=\"wpb_wrapper\"><h2 style=\"text-align: left\" class=\"vc_custom_heading\" >I CANI DA GUARDIANIA<\/h2>\n\t<div class=\"wpb_text_column wpb_content_element\" >\n\t\t<div class=\"wpb_wrapper\">\n\t\t\t<div class=\"desc\">\n<p>Se ti perdi con lo sguardo a vagare sul campo delle capre, un occhio disatento o non allenato potrebbe confondere per una delle capre un pastore abruzzese acciondolato che sonnecchia.<\/p>\n<p>I cani da gurdiania sono infatti un tutt&#8217;uno col gregge.<\/p>\n<p>Fin da cuccoli li abituiamo a convivere con le capre, che ben presto diventano la loro famiglia che proteggono e seguono ovunque sviluppando simpatie e un forte legame con il gregge.<\/p>\n<\/div>\n\n\t\t<\/div>\n\t<\/div>\n<\/div><\/div><\/div><\/div><div class=\"vc_row wpb_row row\"><div class=\"wpb_column vc_column_container col-sm-12\"><div class=\"vc_column-inner\"><div class=\"wpb_wrapper\"><div class=\"vc_separator wpb_content_element vc_separator_align_center vc_sep_width_100 vc_sep_pos_align_center vc_separator_no_text vc_sep_color_grey\" ><span class=\"vc_sep_holder vc_sep_holder_l\"><span class=\"vc_sep_line\"><\/span><\/span><span class=\"vc_sep_holder vc_sep_holder_r\"><span class=\"vc_sep_line\"><\/span><\/span>\n<\/div><h2 style=\"color: #333333;text-align: center\" class=\"vc_custom_heading vc_custom_1707816853860 title-learts\" >La nostra squadra<\/h2>\n\t<div class=\"wpb_text_column wpb_content_element  vc_custom_1708776290750\" >\n\t\t<div class=\"wpb_wrapper\">\n\t\t\t<p>Ancora prima di lasciare la citt\u00e0 e iniziare quest&#8217;avventura, nel 2015 eravamo consapevoli del fatto che il lupo si stava &#8220;espandendo&#8221; e aveva raggiunto la zona dove saremmo andati a vivere.<\/p>\n<p>Grazie ad amici naturalisti e tecnici forestali che si occupano di monitoraggio della fauna in liguria e piemonte, abbiamo fin da subito adottato sistemi di prevenzione: i recinti elettrificati e i cani da guardiania.<\/p>\n<p>Avendo le capre nei pascoli tutti i giorni dell&#8217;anno i cani sono un auto fondalmentale per tenere lontani i lupi ma anche altri predatori potenzialmente pericolosi per i capretti o capre che stanno partorendo.<\/p>\n\n\t\t<\/div>\n\t<\/div>\n<\/div><\/div><\/div><\/div><div class=\"vc_row wpb_row row vc_custom_1708776974125\"><div class=\"wpb_column vc_column_container col-sm-12\"><div class=\"vc_column-inner\"><div class=\"wpb_wrapper\"><div class=\"vc_row wpb_row vc_inner row\"><div class=\"wpb_column vc_column_container col-sm-4\"><div class=\"vc_column-inner\"><div class=\"wpb_wrapper\">\n<div class=\"tm-shortcode learts-team-members\">\n\t<div class=\"member-image\">\n\t\t\t\t\t<img decoding=\"async\" src=\"https:\/\/agricolalemoire.it\/wp-content\/uploads\/2024\/02\/ace.jpg\" alt=\"Portuguese D. Ace\">\n\t\t\t\t\t<\/div>\n\n\t<div class=\"memeber-caption\">\n\n\t\t\t\t\t<div class=\"name\">Portuguese D. Ace<\/div>\n\t\t\t\t\t<span class=\"role text-hightlight subtext\">\u00c9 stato uno dei primi abruzzesi arrivati in azienda, insieme ad Arya sono la coppia alfa. Nonostante l'et\u00e0 ha ancora l'animo del cucciolone.<\/span>\n\t\t\t<\/div>\n<\/div>\n<\/div><\/div><\/div><div class=\"wpb_column vc_column_container col-sm-4\"><div class=\"vc_column-inner\"><div class=\"wpb_wrapper\">\n<div class=\"tm-shortcode learts-team-members\">\n\t<div class=\"member-image\">\n\t\t\t\t\t<img decoding=\"async\" src=\"https:\/\/agricolalemoire.it\/wp-content\/uploads\/2024\/02\/arya.jpg\" alt=\"Arya\">\n\t\t\t\t\t<\/div>\n\n\t<div class=\"memeber-caption\">\n\n\t\t\t\t\t<div class=\"name\">Arya<\/div>\n\t\t\t\t\t<span class=\"role text-hightlight subtext\">Pulisce alcune delle sue capre preferite e durante i parti tiene lontani i curiosi lasciando che la mamma ripulisca con calma il piccolo<\/span>\n\t\t\t<\/div>\n<\/div>\n<\/div><\/div><\/div><div class=\"wpb_column vc_column_container col-sm-4\"><div class=\"vc_column-inner\"><div class=\"wpb_wrapper\">\n<div class=\"tm-shortcode learts-team-members\">\n\t<div class=\"member-image\">\n\t\t\t\t\t<img decoding=\"async\" src=\"https:\/\/agricolalemoire.it\/wp-content\/uploads\/2024\/02\/ottavia.jpg\" alt=\"Ottavia\">\n\t\t\t\t\t<\/div>\n\n\t<div class=\"memeber-caption\">\n\n\t\t\t\t\t<div class=\"name\">Ottavia<\/div>\n\t\t\t\t\t<span class=\"role text-hightlight subtext\">Ottavia \u00e8 una testona molto attenta a tutto quello che succede intorno e agli umori delle capre<\/span>\n\t\t\t<\/div>\n<\/div>\n<\/div><\/div><\/div><\/div><\/div><\/div><\/div><\/div><div class=\"vc_row wpb_row row\"><div class=\"wpb_column vc_column_container col-sm-12\"><div class=\"vc_column-inner\"><div class=\"wpb_wrapper\">\n<div class=\"tm-shortcode learts-space\" id=\"learts-space-1\"><\/div>\n<\/div><\/div><\/div><\/div><div class=\"vc_row wpb_row row\"><div class=\"wpb_column vc_column_container col-sm-4\"><div class=\"vc_column-inner\"><div class=\"wpb_wrapper\">\n<div class=\"tm-shortcode learts-team-members\">\n\t<div class=\"member-image\">\n\t\t\t\t\t<img decoding=\"async\" src=\"https:\/\/agricolalemoire.it\/wp-content\/uploads\/2024\/02\/PSX_20240225_122547.jpg\" alt=\"Orso\">\n\t\t\t\t\t<\/div>\n\n\t<div class=\"memeber-caption\">\n\n\t\t\t\t\t<div class=\"name\">Orso<\/div>\n\t\t\t\t\t<span class=\"role text-hightlight subtext\">\u00c9 l'ultimo arrivato direttamente dall'Abruzzo ed \u00e8 un gran giocherellone. Al momento \u00e8 affiancato da Ottavia e Law<\/span>\n\t\t\t<\/div>\n<\/div>\n<\/div><\/div><\/div><div class=\"wpb_column vc_column_container col-sm-4\"><div class=\"vc_column-inner\"><div class=\"wpb_wrapper\">\n<div class=\"tm-shortcode learts-team-members\">\n\t<div class=\"member-image\">\n\t\t\t\t\t<img decoding=\"async\" src=\"https:\/\/agricolalemoire.it\/wp-content\/uploads\/2024\/02\/PSX_20190311_204245.jpg\" alt=\"Trafalgar D. Law\">\n\t\t\t\t\t<\/div>\n\n\t<div class=\"memeber-caption\">\n\n\t\t\t\t\t<div class=\"name\">Trafalgar D. Law<\/div>\n\t\t\t\t\t<span class=\"role text-hightlight subtext\">Insieme ad Arya \u00e8 uno dei cani pi\u00f9 portati a stare con i capretti. Dal carattere pacato e docile, i capretti adorano saltargli addosso mentre lui fa finta di sonnecchiare e sopporta con pazienza.<\/span>\n\t\t\t<\/div>\n<\/div>\n<\/div><\/div><\/div><div class=\"wpb_column vc_column_container col-sm-4\"><div class=\"vc_column-inner\"><div class=\"wpb_wrapper\"><\/div><\/div><\/div><\/div>\n<\/div>","protected":false},"excerpt":{"rendered":"I CANI DA GUARDIANIA Se ti perdi con lo sguardo a vagare sul campo delle capre, un occhio disatento o non allenato potrebbe confondere per una delle capre un pastore abruzzese acciondolato che sonnecchia. I cani da gurdiania sono infatti un tutt'uno col gregge. Fin da cuccoli li abituiamo a convivere con le capre, che [...]","protected":false},"author":1,"featured_media":0,"parent":0,"menu_order":0,"comment_status":"closed","ping_status":"closed","template":"","meta":{"footnotes":""},"class_list":["post-3469","page","type-page","status-publish","hentry"],"_links":{"self":[{"href":"https:\/\/agricolalemoire.it\/en\/wp-json\/wp\/v2\/pages\/3469","targetHints":{"allow":["GET"]}}],"collection":[{"href":"https:\/\/agricolalemoire.it\/en\/wp-json\/wp\/v2\/pages"}],"about":[{"href":"https:\/\/agricolalemoire.it\/en\/wp-json\/wp\/v2\/types\/page"}],"author":[{"embeddable":true,"href":"https:\/\/agricolalemoire.it\/en\/wp-json\/wp\/v2\/users\/1"}],"replies":[{"embeddable":true,"href":"https:\/\/agricolalemoire.it\/en\/wp-json\/wp\/v2\/comments?post=3469"}],"version-history":[{"count":16,"href":"https:\/\/agricolalemoire.it\/en\/wp-json\/wp\/v2\/pages\/3469\/revisions"}],"predecessor-version":[{"id":3705,"href":"https:\/\/agricolalemoire.it\/en\/wp-json\/wp\/v2\/pages\/3469\/revisions\/3705"}],"wp:attachment":[{"href":"https:\/\/agricolalemoire.it\/en\/wp-json\/wp\/v2\/media?parent=3469"}],"curies":[{"name":"wp","href":"https:\/\/api.w.org\/{rel}","templated":true}]}}